{"id":1991,"date":"2021-09-26T10:19:17","date_gmt":"2021-09-26T08:19:17","guid":{"rendered":"https:\/\/vaneris.net\/datenschutz\/"},"modified":"2024-12-04T16:01:06","modified_gmt":"2024-12-04T15:01:06","slug":"datenschutz","status":"publish","type":"page","link":"https:\/\/vaneris.net\/de\/datenschutz\/","title":{"rendered":"Datenschutz"},"content":{"rendered":"\t\t<div data-elementor-type=\"wp-page\" data-elementor-id=\"1991\" class=\"elementor elementor-1991 elementor-3\" data-elementor-post-type=\"page\">\n\t\t\t\t\t\t<section class=\"elementor-section elementor-top-section elementor-element elementor-element-fffe0e5 elementor-section-boxed elementor-section-height-default elementor-section-height-default\" data-id=\"fffe0e5\" data-element_type=\"section\">\n\t\t\t\t\t\t<div class=\"elementor-container elementor-column-gap-default\">\n\t\t\t\t\t<div class=\"elementor-column elementor-col-100 elementor-top-column elementor-element elementor-element-3768bd5\" data-id=\"3768bd5\" data-element_type=\"column\">\n\t\t\t<div class=\"elementor-widget-wrap elementor-element-populated\">\n\t\t\t\t\t\t<div class=\"elementor-element elementor-element-0a34f3d elementor-widget elementor-widget-text-editor\" data-id=\"0a34f3d\" data-element_type=\"widget\" data-widget_type=\"text-editor.default\">\n\t\t\t\t<div class=\"elementor-widget-container\">\n\t\t\t\t\t\t\t\t\t<h5>Definitionen<\/h5>\n<ul>\n    <li><strong>Der Herausgeber<\/strong>: Die nat\u00fcrliche oder juristische Person, die die Online-Dienste der \u00f6ffentlichen Kommunikation herausgibt.<\/li>\n    <li><strong>Die Website<\/strong>: Die Gesamtheit der Websites, Internetseiten und Online-Dienste, die vom Herausgeber angeboten werden.<\/li>\n    <li><strong>Benutzer<\/strong>: Die Person, die die Website und die Dienstleistungen nutzt.<\/li>\n<\/ul>\n\n<h4>1. Art der gesammelten Daten<\/h4>\n<p>Im Rahmen der Nutzung der Webseiten kann der Herausgeber die folgenden Kategorien von Daten \u00fcber seine Nutzer sammeln:<\/p>\n<ul>\n    <li>Verbindungsdaten (IP-Adressen, Ereignisprotokolle&#8230;)<\/li>\n<\/ul>\n\n<h4>2. Vorabinformation \u00fcber die Weitergabe von pers\u00f6nlichen Daten an Dritte im Falle einer Fusion \/ \u00dcbernahme<\/h4>\n<h5>Vorabinformation und Opt-out-M\u00f6glichkeit vor und nach der Fusion \/ \u00dcbernahme<\/h5>\n<p>Falls wir an einer Fusion, einer \u00dcbernahme oder einer anderen Form der Ver\u00e4u\u00dferung von Verm\u00f6genswerten beteiligt sind, verpflichten wir uns, die Vertraulichkeit Ihrer pers\u00f6nlichen Daten zu gew\u00e4hrleisten und Sie zu informieren, bevor diese \u00fcbertragen werden oder neuen Datenschutzbestimmungen unterliegen.<\/p>\n\n<h4>3. Erhebung von Identit\u00e4tsdaten<\/h4>\n<h5>Freie Beratung<\/h5>\n<p>Der Besuch der Website erfordert keine vorherige Registrierung oder Identifizierung. Dies kann geschehen, ohne dass Sie Ihre pers\u00f6nlichen Daten (Name, Vorname, Adresse usw.) angeben. Wir registrieren keine personenbezogenen Daten f\u00fcr die blo\u00dfe Konsultation der Website.<\/p>\n\n<h4>4. Sammlung von Daten vom Terminal<\/h4>\n<h5>Sammlung von Profildaten und technischen Daten zum Zweck der Bereitstellung des Dienstes<\/h5>\n<p>Einige der technischen Daten Ihres Ger\u00e4ts werden von der Website automatisch gesammelt. Diese Informationen beinhalten unter anderem Ihre IP-Adresse, Internet Service Provider, Hardware-Konfiguration, Software-Konfiguration, Browsertyp und -sprache&#8230; Die Erhebung dieser Daten ist f\u00fcr die Erbringung der Dienstleistungen erforderlich.<\/p>\n<h5>Erhebung technischer Daten f\u00fcr Werbe-, Handels- und statistische Zwecke<\/h5>\n<p>Die technischen Daten Ihres Ger\u00e4ts werden automatisch von der Website f\u00fcr Werbe-, kommerzielle und statistische Zwecke gesammelt und gespeichert. Diese Informationen helfen uns, Ihre Erfahrung auf unserer Website zu personalisieren und kontinuierlich zu verbessern. Wir sammeln und speichern keine personenbezogenen Daten (Name, Vorname, Adresse&#8230;), die m\u00f6glicherweise mit technischen Daten verbunden sind. Die gesammelten Daten k\u00f6nnen an Dritte weiterverkauft werden.<\/p>\n\n<h4>5. Aufbewahrung von technischen Daten<\/h4>\n<h5>Dauer der Speicherung von technischen Daten<\/h5>\n<p>Die technischen Daten werden nur so lange aufbewahrt, wie es f\u00fcr die Erf\u00fcllung der oben genannten Zwecke unbedingt erforderlich ist.<\/p>\n\n<h4>6. L\u00f6schen des Kontos<\/h4>\n<h5>L\u00f6schung des Kontos auf Antrag<\/h5>\n<p>Der Nutzer hat die M\u00f6glichkeit, sein Konto jederzeit zu l\u00f6schen, entweder durch eine einfache Anfrage an den Ver\u00f6ffentlicher ODER \u00fcber das Men\u00fc &#8222;Konto l\u00f6schen&#8220; in den Kontoeinstellungen, falls vorhanden.<\/p>\n<h5>L\u00f6schung des Kontos im Falle eines Versto\u00dfes gegen die Datenschutzbestimmungen<\/h5>\n<p>Im Falle eines Versto\u00dfes gegen eine oder mehrere Bestimmungen der Datenschutzrichtlinie oder eines anderen Dokuments, das hier durch Verweis aufgenommen wurde, beh\u00e4lt sich der Ver\u00f6ffentlicher das Recht vor, Ihre Nutzung und Ihren Zugang zu den Dienstleistungen, Ihrem Konto und allen Seiten ohne vorherige Ank\u00fcndigung und nach eigenem Ermessen zu beenden oder einzuschr\u00e4nken.<\/p>\n\n<h4>7. \u00dcbertragung von pers\u00f6nlichen Daten ins Ausland<\/h4>\n<h5>Keine \u00dcbertragung au\u00dferhalb der Europ\u00e4ischen Union<\/h5>\n<p>Der Ver\u00f6ffentlicher verpflichtet sich, die pers\u00f6nlichen Daten seiner Nutzer nicht in L\u00e4nder au\u00dferhalb der Europ\u00e4ischen Union zu \u00fcbertragen.<\/p>\n<p>Weitere Informationen \u00fcber den weltweiten Datenschutz finden Sie unter <a href=\"https:\/\/www.cnil.fr\/fr\/la-protection-des-donnees-dans-le-monde\">https:\/\/www.cnil.fr\/fr\/la-protection-des-donnees-dans-le-monde<\/a>.<\/p>\n\n<h4>8. \u00c4nderung der Datenschutzpolitik<\/h4>\n<h5>Im Falle einer \u00c4nderung dieser Datenschutzrichtlinie, die Verpflichtung, das Niveau der Vertraulichkeit nicht wesentlich zu senken, ohne die betroffenen Personen vorher zu informieren.<\/h5>\n<p>Wir verpflichten uns, Sie \u00fcber wesentliche \u00c4nderungen dieser Datenschutzrichtlinie zu informieren und den Grad der Vertraulichkeit Ihrer Daten nicht wesentlich zu senken, ohne Sie dar\u00fcber zu informieren und Ihre Zustimmung einzuholen.<\/p>\n\n<h4>9. Anwendbares Recht und Rechtsmittel<\/h4>\n<h5>Schiedsklausel<\/h5>\n<p>Sie erkl\u00e4ren sich ausdr\u00fccklich damit einverstanden, dass alle Streitigkeiten, die sich aus dieser Datenschutzrichtlinie, insbesondere aus ihrer Auslegung oder Durchsetzung, ergeben k\u00f6nnen, einem Schiedsverfahren unterworfen werden, das den Regeln der gemeinsam gew\u00e4hlten Schiedsplattform unterliegt, der Sie vorbehaltlos zustimmen werden.<\/p>\t\t\t\t\t\t\t\t<\/div>\n\t\t\t\t<\/div>\n\t\t\t\t\t<\/div>\n\t\t<\/div>\n\t\t\t\t\t<\/div>\n\t\t<\/section>\n\t\t\t\t<\/div>\n\t\t","protected":false},"excerpt":{"rendered":"<p>Definitionen Der Herausgeber: Die nat\u00fcrliche oder juristische Person, die die Online-Dienste der \u00f6ffentlichen Kommunikation herausgibt. Die Website: Die Gesamtheit der Websites, Internetseiten und Online-Dienste, die vom Herausgeber angeboten werden. Benutzer: Die Person, die die Website und die Dienstleistungen nutzt. 1. Art der gesammelten Daten Im Rahmen der Nutzung der Webseiten kann der Herausgeber die folgenden [&hellip;]<\/p>\n","protected":false},"author":1,"featured_media":0,"parent":0,"menu_order":0,"comment_status":"closed","ping_status":"closed","template":"","meta":{"footnotes":""},"class_list":["post-1991","page","type-page","status-publish","hentry"],"_links":{"self":[{"href":"https:\/\/vaneris.net\/de\/wp-json\/wp\/v2\/pages\/1991","targetHints":{"allow":["GET"]}}],"collection":[{"href":"https:\/\/vaneris.net\/de\/wp-json\/wp\/v2\/pages"}],"about":[{"href":"https:\/\/vaneris.net\/de\/wp-json\/wp\/v2\/types\/page"}],"author":[{"embeddable":true,"href":"https:\/\/vaneris.net\/de\/wp-json\/wp\/v2\/users\/1"}],"replies":[{"embeddable":true,"href":"https:\/\/vaneris.net\/de\/wp-json\/wp\/v2\/comments?post=1991"}],"version-history":[{"count":1,"href":"https:\/\/vaneris.net\/de\/wp-json\/wp\/v2\/pages\/1991\/revisions"}],"predecessor-version":[{"id":1993,"href":"https:\/\/vaneris.net\/de\/wp-json\/wp\/v2\/pages\/1991\/revisions\/1993"}],"wp:attachment":[{"href":"https:\/\/vaneris.net\/de\/wp-json\/wp\/v2\/media?parent=1991"}],"curies":[{"name":"wp","href":"https:\/\/api.w.org\/{rel}","templated":true}]}}