{"id":1988,"date":"2021-09-26T10:19:17","date_gmt":"2021-09-26T08:19:17","guid":{"rendered":"https:\/\/vaneris.net\/confidencialidad\/"},"modified":"2024-12-04T16:01:03","modified_gmt":"2024-12-04T15:01:03","slug":"confidencialidad","status":"publish","type":"page","link":"https:\/\/vaneris.net\/es\/confidencialidad\/","title":{"rendered":"Confidencialidad"},"content":{"rendered":"\t\t<div data-elementor-type=\"wp-page\" data-elementor-id=\"1988\" class=\"elementor elementor-1988 elementor-3\" data-elementor-post-type=\"page\">\n\t\t\t\t\t\t<section class=\"elementor-section elementor-top-section elementor-element elementor-element-fffe0e5 elementor-section-boxed elementor-section-height-default elementor-section-height-default\" data-id=\"fffe0e5\" data-element_type=\"section\">\n\t\t\t\t\t\t<div class=\"elementor-container elementor-column-gap-default\">\n\t\t\t\t\t<div class=\"elementor-column elementor-col-100 elementor-top-column elementor-element elementor-element-3768bd5\" data-id=\"3768bd5\" data-element_type=\"column\">\n\t\t\t<div class=\"elementor-widget-wrap elementor-element-populated\">\n\t\t\t\t\t\t<div class=\"elementor-element elementor-element-0a34f3d elementor-widget elementor-widget-text-editor\" data-id=\"0a34f3d\" data-element_type=\"widget\" data-widget_type=\"text-editor.default\">\n\t\t\t\t<div class=\"elementor-widget-container\">\n\t\t\t\t\t\t\t\t\t<h5>Definiciones<\/h5>\n<ul>\n    <li><strong>El Editor<\/strong>: La persona f\u00edsica o jur\u00eddica que publica los servicios de comunicaci\u00f3n p\u00fablica en l\u00ednea.<\/li>\n    <li><strong>El Sitio<\/strong>: Todos los sitios, p\u00e1ginas web y servicios en l\u00ednea ofrecidos por el Editor.<\/li>\n    <li><strong>El Usuario<\/strong>: La persona que utiliza el Sitio y sus servicios.<\/li>\n<\/ul>\n\n<h4>1. Naturaleza de los datos recogidos<\/h4>\n<p>Al utilizar los Sitios, el Editor puede recopilar las siguientes categor\u00edas de datos sobre sus Usuarios:<\/p>\n<ul>\n    <li>Datos de conexi\u00f3n (direcciones IP, registros de eventos, etc.)<\/li>\n<\/ul>\n\n<h4>2. Notificaci\u00f3n previa de la cesi\u00f3n de datos personales a terceros en caso de fusi\u00f3n o absorci\u00f3n<\/h4>\n<h5>Informaci\u00f3n previa y posibilidad de exclusi\u00f3n antes y despu\u00e9s de la fusi\u00f3n\/adquisici\u00f3n<\/h5>\n<p>En caso de que participemos en una fusi\u00f3n, adquisici\u00f3n o cualquier otra forma de transferencia de activos, nos comprometemos a garantizar la confidencialidad de tus datos personales y a informarte antes de que sean transferidos o sometidos a nuevas normas de confidencialidad.<\/p>\n\n<h4>3. Recogida de datos de identidad<\/h4>\n<h5>Consulta gratuita<\/h5>\n<p>La consulta del Sitio no requiere registro ni identificaci\u00f3n previa. Esto puede hacerse sin que proporciones ning\u00fan dato personal sobre ti (apellidos, nombre, direcci\u00f3n, etc.). No registramos ning\u00fan dato personal por el mero hecho de consultar el Sitio.<\/p>\n\n<h4>4. Recogida de datos del terminal<\/h4>\n<h5>Recogida de perfiles y datos t\u00e9cnicos para la prestaci\u00f3n del servicio<\/h5>\n<p>Algunos de los datos t\u00e9cnicos de tu dispositivo son recogidos autom\u00e1ticamente por el Sitio. Esta informaci\u00f3n incluye tu direcci\u00f3n IP, proveedor de servicios de Internet, configuraci\u00f3n de hardware, configuraci\u00f3n de software, tipo de navegador e idioma, etc. La recogida de estos datos es necesaria para la prestaci\u00f3n de servicios.<\/p>\n<h5>Recogida de datos t\u00e9cnicos con fines publicitarios, comerciales y estad\u00edsticos<\/h5>\n<p>Los datos t\u00e9cnicos de tu dispositivo son recogidos y registrados autom\u00e1ticamente por el Sitio con fines publicitarios, comerciales y estad\u00edsticos. Esta informaci\u00f3n nos ayuda a personalizar y mejorar continuamente tu experiencia en nuestro Sitio. No recogemos ni almacenamos datos personales (apellidos, nombre, direcci\u00f3n, etc.) que puedan vincularse a datos t\u00e9cnicos. Los datos recogidos pueden venderse a terceros.<\/p>\n\n<h4>5. Conservaci\u00f3n de datos t\u00e9cnicos<\/h4>\n<h5>Per\u00edodo de conservaci\u00f3n de los datos t\u00e9cnicos<\/h5>\n<p>Los datos t\u00e9cnicos se conservan durante el tiempo estrictamente necesario para los fines arriba indicados.<\/p>\n\n<h4>6. Borrar una cuenta<\/h4>\n<h5>Eliminaci\u00f3n de la cuenta previa solicitud<\/h5>\n<p>El Usuario puede eliminar su Cuenta en cualquier momento, mediante una simple solicitud al Editor O a trav\u00e9s del men\u00fa de eliminaci\u00f3n de la Cuenta en la configuraci\u00f3n de la Cuenta, si procede.<\/p>\n<h5>Eliminaci\u00f3n de la cuenta en caso de incumplimiento de la Pol\u00edtica de Confidencialidad<\/h5>\n<p>En caso de incumplimiento de una o varias de las disposiciones de la Pol\u00edtica de privacidad o de cualquier otro documento incorporado al presente documento por referencia, el Editor se reserva el derecho de rescindir o restringir, sin previo aviso y a su entera discreci\u00f3n, el uso y el acceso a los servicios, a tu cuenta y a todos los Sitios.<\/p>\n\n<h4>7. Transferencia de datos personales al extranjero<\/h4>\n<h5>Ninguna transferencia fuera de la Uni\u00f3n Europea<\/h5>\n<p>El Editor se compromete a no transferir los datos personales de sus Usuarios fuera de la Uni\u00f3n Europea.<\/p>\n<p>Para m\u00e1s informaci\u00f3n sobre la protecci\u00f3n de datos en todo el mundo, visita <a href=\"https:\/\/www.cnil.fr\/fr\/la-protection-des-donnees-dans-le-monde\">https:\/\/www.cnil.fr\/fr\/la-protection-des-donnees-dans-le-monde.<\/a><\/p>\n\n<h4>8. Cambios en la pol\u00edtica de privacidad<\/h4>\n<h5>En caso de modificaci\u00f3n de esta Pol\u00edtica de Confidencialidad, el compromiso de no rebajar sustancialmente el nivel de confidencialidad sin informar previamente a las personas afectadas.<\/h5>\n<p>Nos comprometemos a informarte en caso de modificaci\u00f3n sustancial de esta Pol\u00edtica de Confidencialidad, y a no reducir sustancialmente el nivel de confidencialidad de tus datos sin informarte y obtener tu consentimiento.<\/p>\n\n<h4>9. Legislaci\u00f3n aplicable y procedimientos de recurso<\/h4>\n<h5>Cl\u00e1usula de arbitraje<\/h5>\n<p>Aceptas expresamente que cualquier disputa que pueda surgir como resultado de esta Pol\u00edtica de Confidencialidad, en particular su interpretaci\u00f3n o ejecuci\u00f3n, se someter\u00e1 a arbitraje sujeto a las normas de la plataforma de arbitraje elegida de mutuo acuerdo, a la que te adherir\u00e1s sin reservas.<\/p>\t\t\t\t\t\t\t\t<\/div>\n\t\t\t\t<\/div>\n\t\t\t\t\t<\/div>\n\t\t<\/div>\n\t\t\t\t\t<\/div>\n\t\t<\/section>\n\t\t\t\t<\/div>\n\t\t","protected":false},"excerpt":{"rendered":"<p>Definiciones El Editor: La persona f\u00edsica o jur\u00eddica que publica los servicios de comunicaci\u00f3n p\u00fablica en l\u00ednea. El Sitio: Todos los sitios, p\u00e1ginas web y servicios en l\u00ednea ofrecidos por el Editor. El Usuario: La persona que utiliza el Sitio y sus servicios. 1. Naturaleza de los datos recogidos Al utilizar los Sitios, el Editor [&hellip;]<\/p>\n","protected":false},"author":1,"featured_media":0,"parent":0,"menu_order":0,"comment_status":"closed","ping_status":"closed","template":"","meta":{"footnotes":""},"class_list":["post-1988","page","type-page","status-publish","hentry"],"_links":{"self":[{"href":"https:\/\/vaneris.net\/es\/wp-json\/wp\/v2\/pages\/1988","targetHints":{"allow":["GET"]}}],"collection":[{"href":"https:\/\/vaneris.net\/es\/wp-json\/wp\/v2\/pages"}],"about":[{"href":"https:\/\/vaneris.net\/es\/wp-json\/wp\/v2\/types\/page"}],"author":[{"embeddable":true,"href":"https:\/\/vaneris.net\/es\/wp-json\/wp\/v2\/users\/1"}],"replies":[{"embeddable":true,"href":"https:\/\/vaneris.net\/es\/wp-json\/wp\/v2\/comments?post=1988"}],"version-history":[{"count":1,"href":"https:\/\/vaneris.net\/es\/wp-json\/wp\/v2\/pages\/1988\/revisions"}],"predecessor-version":[{"id":1989,"href":"https:\/\/vaneris.net\/es\/wp-json\/wp\/v2\/pages\/1988\/revisions\/1989"}],"wp:attachment":[{"href":"https:\/\/vaneris.net\/es\/wp-json\/wp\/v2\/media?parent=1988"}],"curies":[{"name":"wp","href":"https:\/\/api.w.org\/{rel}","templated":true}]}}