{"id":3,"date":"2021-09-26T10:19:17","date_gmt":"2021-09-26T08:19:17","guid":{"rendered":"https:\/\/templatevitrine1.visualwebclick.com\/?page_id=3"},"modified":"2024-12-04T15:13:14","modified_gmt":"2024-12-04T14:13:14","slug":"confidentialite","status":"publish","type":"page","link":"https:\/\/vaneris.net\/fr\/confidentialite\/","title":{"rendered":"Confidentialit\u00e9"},"content":{"rendered":"\t\t<div data-elementor-type=\"wp-page\" data-elementor-id=\"3\" class=\"elementor elementor-3\" data-elementor-post-type=\"page\">\n\t\t\t\t\t\t<section class=\"elementor-section elementor-top-section elementor-element elementor-element-fffe0e5 elementor-section-boxed elementor-section-height-default elementor-section-height-default\" data-id=\"fffe0e5\" data-element_type=\"section\">\n\t\t\t\t\t\t<div class=\"elementor-container elementor-column-gap-default\">\n\t\t\t\t\t<div class=\"elementor-column elementor-col-100 elementor-top-column elementor-element elementor-element-3768bd5\" data-id=\"3768bd5\" data-element_type=\"column\">\n\t\t\t<div class=\"elementor-widget-wrap elementor-element-populated\">\n\t\t\t\t\t\t<div class=\"elementor-element elementor-element-0a34f3d elementor-widget elementor-widget-text-editor\" data-id=\"0a34f3d\" data-element_type=\"widget\" data-widget_type=\"text-editor.default\">\n\t\t\t\t<div class=\"elementor-widget-container\">\n\t\t\t\t\t\t\t\t\t<h5>D\u00e9finitions<\/h5>\n<ul>\n    <li><strong>L&rsquo;\u00c9diteur<\/strong> : La personne, physique ou morale, qui \u00e9dite les services de communication au public en ligne.<\/li>\n    <li><strong>Le Site<\/strong> : L&rsquo;ensemble des sites, pages Internet et services en ligne propos\u00e9s par l&rsquo;\u00c9diteur.<\/li>\n    <li><strong>L&rsquo;Utilisateur<\/strong> : La personne utilisant le Site et les services.<\/li>\n<\/ul>\n\n<h4>1. Nature des donn\u00e9es collect\u00e9es<\/h4>\n<p>Dans le cadre de l&rsquo;utilisation des Sites, l&rsquo;\u00c9diteur est susceptible de collecter les cat\u00e9gories de donn\u00e9es suivantes concernant ses Utilisateurs :<\/p>\n<ul>\n    <li>Donn\u00e9es de connexion (adresses IP, journaux d&rsquo;\u00e9v\u00e9nements&#8230;)<\/li>\n<\/ul>\n\n<h4>2. Information pr\u00e9alable pour la communication des donn\u00e9es personnelles \u00e0 des tiers en cas de fusion \/ absorption<\/h4>\n<h5>Information pr\u00e9alable et possibilit\u00e9 d\u2019opt-out avant et apr\u00e8s la fusion \/ acquisition<\/h5>\n<p>Dans le cas o\u00f9 nous prendrions part \u00e0 une op\u00e9ration de fusion, d\u2019acquisition ou \u00e0 toute autre forme de cession d\u2019actifs, nous nous engageons \u00e0 garantir la confidentialit\u00e9 de vos donn\u00e9es personnelles et \u00e0 vous informer avant que celles-ci ne soient transf\u00e9r\u00e9es ou soumises \u00e0 de nouvelles r\u00e8gles de confidentialit\u00e9.<\/p>\n\n<h4>3. Collecte des donn\u00e9es d&rsquo;identit\u00e9<\/h4>\n<h5>Consultation libre<\/h5>\n<p>La consultation du Site ne n\u00e9cessite pas d&rsquo;inscription ni d&rsquo;identification pr\u00e9alable. Elle peut s&rsquo;effectuer sans que vous ne communiquiez de donn\u00e9es nominatives vous concernant (nom, pr\u00e9nom, adresse, etc). Nous ne proc\u00e9dons \u00e0 aucun enregistrement de donn\u00e9es nominatives pour la simple consultation du Site.<\/p>\n\n<h4>4. Collecte des donn\u00e9es du terminal<\/h4>\n<h5>Collecte des donn\u00e9es de profilage et des donn\u00e9es techniques \u00e0 des fins de fourniture du service<\/h5>\n<p>Certaines des donn\u00e9es techniques de votre appareil sont collect\u00e9es automatiquement par le Site. Ces informations incluent notamment votre adresse IP, fournisseur d&rsquo;acc\u00e8s \u00e0 Internet, configuration mat\u00e9rielle, configuration logicielle, type et langue du navigateur&#8230; La collecte de ces donn\u00e9es est n\u00e9cessaire \u00e0 la fourniture des services.<\/p>\n<h5>Collecte des donn\u00e9es techniques \u00e0 des fins publicitaires, commerciales et statistiques<\/h5>\n<p>Les donn\u00e9es techniques de votre appareil sont automatiquement collect\u00e9es et enregistr\u00e9es par le Site, \u00e0 des fins publicitaires, commerciales et statistiques. Ces informations nous aident \u00e0 personnaliser et \u00e0 am\u00e9liorer continuellement votre exp\u00e9rience sur notre Site. Nous ne collectons ni ne conservons aucune donn\u00e9e nominative (nom, pr\u00e9nom, adresse&#8230;) \u00e9ventuellement attach\u00e9e \u00e0 une donn\u00e9e technique. Les donn\u00e9es collect\u00e9es sont susceptibles d\u2019\u00eatre revendues \u00e0 des tiers.<\/p>\n\n<h4>5. Conservation des donn\u00e9es techniques<\/h4>\n<h5>Dur\u00e9e de conservation des donn\u00e9es techniques<\/h5>\n<p>Les donn\u00e9es techniques sont conserv\u00e9es pour la dur\u00e9e strictement n\u00e9cessaire \u00e0 la r\u00e9alisation des finalit\u00e9s vis\u00e9es ci-avant.<\/p>\n\n<h4>6. Suppression du compte<\/h4>\n<h5>Suppression du compte \u00e0 la demande<\/h5>\n<p>L&rsquo;Utilisateur a la possibilit\u00e9 de supprimer son Compte \u00e0 tout moment, par simple demande \u00e0 l&rsquo;\u00c9diteur OU par le menu de suppression de Compte pr\u00e9sent dans les param\u00e8tres du Compte le cas \u00e9ch\u00e9ant.<\/p>\n<h5>Suppression du compte en cas de violation de la Politique de Confidentialit\u00e9<\/h5>\n<p>En cas de violation d&rsquo;une ou de plusieurs dispositions de la Politique de Confidentialit\u00e9 ou de tout autre document incorpor\u00e9 aux pr\u00e9sentes par r\u00e9f\u00e9rence, l&rsquo;\u00c9diteur se r\u00e9serve le droit de mettre fin ou restreindre sans aucun avertissement pr\u00e9alable et \u00e0 sa seule discr\u00e9tion, votre usage et acc\u00e8s aux services, \u00e0 votre compte et \u00e0 tous les Sites.<\/p>\n\n<h4>7. Transfert des donn\u00e9es personnelles \u00e0 l&rsquo;\u00e9tranger<\/h4>\n<h5>Pas de transfert en dehors de l&rsquo;Union europ\u00e9enne<\/h5>\n<p>L&rsquo;\u00c9diteur s&rsquo;engage \u00e0 ne pas transf\u00e9rer les donn\u00e9es personnelles de ses Utilisateurs en dehors de l&rsquo;Union europ\u00e9enne.<\/p>\n<p>Pour plus d&rsquo;informations sur la protection des donn\u00e9es dans le monde, veuillez consulter <a href=\"https:\/\/www.cnil.fr\/fr\/la-protection-des-donnees-dans-le-monde\">https:\/\/www.cnil.fr\/fr\/la-protection-des-donnees-dans-le-monde<\/a>.<\/p>\n\n<h4>8. Modification de la politique de confidentialit\u00e9<\/h4>\n<h5>En cas de modification de la pr\u00e9sente Politique de Confidentialit\u00e9, engagement de ne pas baisser le niveau de confidentialit\u00e9 de mani\u00e8re substantielle sans l&rsquo;information pr\u00e9alable des personnes concern\u00e9es<\/h5>\n<p>Nous nous engageons \u00e0 vous informer en cas de modification substantielle de la pr\u00e9sente Politique de Confidentialit\u00e9, et \u00e0 ne pas baisser le niveau de confidentialit\u00e9 de vos donn\u00e9es de mani\u00e8re substantielle sans vous en informer et obtenir votre consentement.<\/p>\n\n<h4>9. Droit applicable et modalit\u00e9s de recours<\/h4>\n<h5>Clause d&rsquo;arbitrage<\/h5>\n<p>Vous acceptez express\u00e9ment que tout litige susceptible de na\u00eetre du fait de la pr\u00e9sente Politique de Confidentialit\u00e9, notamment de son interpr\u00e9tation ou de son ex\u00e9cution, rel\u00e8vera d&rsquo;une proc\u00e9dure d&rsquo;arbitrage soumise au r\u00e8glement de la plateforme d&rsquo;arbitrage choisie d&rsquo;un commun accord, auquel vous adh\u00e9rerez sans r\u00e9serve.<\/p>\t\t\t\t\t\t\t\t<\/div>\n\t\t\t\t<\/div>\n\t\t\t\t\t<\/div>\n\t\t<\/div>\n\t\t\t\t\t<\/div>\n\t\t<\/section>\n\t\t\t\t<\/div>\n\t\t","protected":false},"excerpt":{"rendered":"<p>D\u00e9finitions L&rsquo;\u00c9diteur : La personne, physique ou morale, qui \u00e9dite les services de communication au public en ligne. Le Site : L&rsquo;ensemble des sites, pages Internet et services en ligne propos\u00e9s par l&rsquo;\u00c9diteur. L&rsquo;Utilisateur : La personne utilisant le Site et les services. 1. Nature des donn\u00e9es collect\u00e9es Dans le cadre de l&rsquo;utilisation des Sites, [&hellip;]<\/p>\n","protected":false},"author":1,"featured_media":0,"parent":0,"menu_order":0,"comment_status":"closed","ping_status":"closed","template":"","meta":{"footnotes":""},"class_list":["post-3","page","type-page","status-publish","hentry"],"_links":{"self":[{"href":"https:\/\/vaneris.net\/fr\/wp-json\/wp\/v2\/pages\/3","targetHints":{"allow":["GET"]}}],"collection":[{"href":"https:\/\/vaneris.net\/fr\/wp-json\/wp\/v2\/pages"}],"about":[{"href":"https:\/\/vaneris.net\/fr\/wp-json\/wp\/v2\/types\/page"}],"author":[{"embeddable":true,"href":"https:\/\/vaneris.net\/fr\/wp-json\/wp\/v2\/users\/1"}],"replies":[{"embeddable":true,"href":"https:\/\/vaneris.net\/fr\/wp-json\/wp\/v2\/comments?post=3"}],"version-history":[{"count":3,"href":"https:\/\/vaneris.net\/fr\/wp-json\/wp\/v2\/pages\/3\/revisions"}],"predecessor-version":[{"id":1604,"href":"https:\/\/vaneris.net\/fr\/wp-json\/wp\/v2\/pages\/3\/revisions\/1604"}],"wp:attachment":[{"href":"https:\/\/vaneris.net\/fr\/wp-json\/wp\/v2\/media?parent=3"}],"curies":[{"name":"wp","href":"https:\/\/api.w.org\/{rel}","templated":true}]}}