{"id":2236,"date":"2021-09-26T10:19:17","date_gmt":"2021-09-26T08:19:17","guid":{"rendered":"https:\/\/vaneris.net\/vertraulichkeit\/"},"modified":"2024-12-07T23:18:41","modified_gmt":"2024-12-07T22:18:41","slug":"vertraulichkeit","status":"publish","type":"page","link":"https:\/\/vaneris.net\/lb\/vertraulichkeit\/","title":{"rendered":"Vertraulichkeit"},"content":{"rendered":"\t\t<div data-elementor-type=\"wp-page\" data-elementor-id=\"2236\" class=\"elementor elementor-2236 elementor-3\" data-elementor-post-type=\"page\">\n\t\t\t\t\t\t<section class=\"elementor-section elementor-top-section elementor-element elementor-element-fffe0e5 elementor-section-boxed elementor-section-height-default elementor-section-height-default\" data-id=\"fffe0e5\" data-element_type=\"section\">\n\t\t\t\t\t\t<div class=\"elementor-container elementor-column-gap-default\">\n\t\t\t\t\t<div class=\"elementor-column elementor-col-100 elementor-top-column elementor-element elementor-element-3768bd5\" data-id=\"3768bd5\" data-element_type=\"column\">\n\t\t\t<div class=\"elementor-widget-wrap elementor-element-populated\">\n\t\t\t\t\t\t<div class=\"elementor-element elementor-element-0a34f3d elementor-widget elementor-widget-text-editor\" data-id=\"0a34f3d\" data-element_type=\"widget\" data-widget_type=\"text-editor.default\">\n\t\t\t\t<div class=\"elementor-widget-container\">\n\t\t\t\t\t\t\t\t\t<h5>Definitiounen<\/h5>\n<ul>\n    <li><strong>Den Editor<\/strong>: D\u2019Persoun, soss physesch oder moralesch, d\u00e9i d\u2019Online-Kommunikatiounsservicer fir d\u2019\u00d6ffentlechkeet erausg\u00ebtt.<\/li>\n    <li><strong>Den Site<\/strong>: D\u2019Ganze vun den Sites, Internets\u00e4iten an Online-Servicer, d\u00e9i vum Editor ugebuede ginn.<\/li>\n    <li><strong>Den Utilisateur<\/strong>: D\u2019Persoun, d\u00e9i den Site an d\u2019Servicer benotzt.<\/li>\n<\/ul>\n\n<h4>1. Aart vun den Donn\u00e9e\u00ebn, d\u00e9i gesammelt ginn<\/h4>\n<p>Am Kader vun der Benotzung vun de Sites kann den Editor d\u2019Kategorien vun Donn\u00e9e\u00ebn folgendes iwwer seng Utilisateur sammeln:<\/p>\n<ul>\n    <li>Verbindungsdaten (IP-Adressen, Ereignislogs\u2026)<\/li>\n<\/ul>\n\n<h4>2. Pr\u00e9informatioun fir d\u2019Vertraue vun pers\u00e9inleche Donn\u00e9e\u00ebn un dr\u00ebtt Partei am Fall vun enger Fusion \/ Absorptioun<\/h4>\n<h5>Pr\u00e9informatioun an d\u2019M\u00e9iglechkeet fir opt-out virun an no der Fusion \/ Akquisitioun.<\/h5>\n<p>Am Fall wou mir un enger Fusion, Akquisitioun oder all aner Form vun Verm\u00e9igensofgabin deelhuelen, verpflichten mir eis, d\u2019Vertraulichkeet vun \u00c4re pers\u00e9inleche Donn\u00e9e\u00ebn ze garant\u00e9ieren an Iech ze inform\u00e9ieren ier d\u00ebs transf\u00e9r\u00e9iert oder nei Vertraulichkeetsregelen ugewannt ginn.<\/p>\n\n<h4>3. Sammlung vun Identit\u00e9itsdaten<\/h4>\n<h5>Fr\u00e4i Konsultatioun<\/h5>\n<p>D\u2019Konsultatioun vum Site erfuerdert keng Registr\u00e9ierung oder virgeschriwene Identifikatioun. Si kann duerchgefouert ginn, ouni datt Dir pers\u00e9inlech Identifikatiounsinformatiounen (Numm, Virnumm, Adress, etc.) gedeelt. Mir maachen keng Registr\u00e9ierung vun nominative Donn\u00e9e\u00ebn fir d\u2019eenfach Konsultatioun vum Site.<\/p>\n\n<h4>4. Sammlung vun Terminaldaten<\/h4>\n<h5>Sammlung vun Profil\u00e9ierungsdaten an technesche Donn\u00e9e\u00ebn fir d\u2019Bereitstellung vum Service.<\/h5>\n<p>E puer technesch Donn\u00e9e\u00ebn vun \u00c4rem Apparat ginn automatesch vum Site gesammelt. D\u00ebs Informatiounen enthalen \u00ebnner anerem \u00c4r IP-Adress, Internet-Provider, Hardware-Konfiguratioun, Software-Konfiguratioun, Browser-Typ an -sprooch\u2026 D\u2019Assembl\u00e9e vun d\u00ebsen Donn\u00e9e\u00ebn ass n\u00e9ideg fir d\u2019Bereitstellung vun den Servicer.<\/p>\n<h5>Sammlung vun techneschen Donn\u00e9e\u00ebn fir Reklamm, kommerziell an statistesch Zwecker.<\/h5>\n<p>D\u2019technesch Donn\u00e9e\u00ebn vun \u00c4rem Apparat ginn automatesch vum Site gesammelt an enregistr\u00e9iert, fir Reklamm-, kommerziell- an statistesch Zwecker. D\u00ebs Informatiounen h\u00ebllefen eis, \u00c4r Erfahrung op eisem Site ze personalis\u00e9ieren an kontinu\u00e9ierlech ze verbesseren. Mir sammeln oder sp\u00e4icheren keng nominativ Donn\u00e9e\u00ebn (Numm, Virnumm, Adress\u2026) d\u00e9i eventuell mat techneschen Donn\u00e9e\u00ebn verbonnen sinn. D\u00e9i gesammelt Donn\u00e9e\u00ebn k\u00ebnnen un dr\u00ebtt Partei verkaaft ginn.<\/p>\n\n<h4>5. Konservatioun vun techneschen Donn\u00e9e\u00ebn<\/h4>\n<h5>Dauer vun der Konservatioun vun techneschen Donn\u00e9e\u00ebn<\/h5>\n<p>D\u00e9i techneschen Donn\u00e9e\u00ebn ginn sou laang opbewahrt, w\u00e9i et strikt noutwendeg ass fir d\u2019Zwecker, d\u00e9i virdru genannt goufen, ze erreechen.<\/p>\n\n<h4>6. L\u00ebschten vum Kont<\/h4>\n<h5>L\u00ebschten vum Kont op Ufro<\/h5>\n<p>Den Utilisateur huet d\u2019M\u00e9iglechkeet, sengem Kont zu all Moment ze l\u00e4schen, duerch eng einfach Ufro un den Editor ODER duerch de Men\u00fc fir d\u2019L\u00ebschtung vum Kont, wann et entspriechend am Kontsettiunge virgesin ass.<\/p>\n<h5>L\u00ebschten vum Kont am Fall vun enger Violatioun vun der Vertraulichkeetsrichtlinie.<\/h5>\n<p>Am Fall vun enger Violatioun vun enger oder m\u00e9i Best\u00ebmmunge vun der Vertraulichkeetsrichtlinie oder engem anere Dokument, dee vun d\u00ebser Referenz abegraff ass, beh\u00e4lt den Editor sech d\u2019Recht vir, \u00c4ren Zougang zu den Servicer, \u00c4rem Kont an allen Sites ouni virdrun Avertissement a zu sengem eegenen Ermessen ze stoppen oder anzeschr\u00e4nken.<\/p>\n\n<h4>7. Transfer vun pers\u00e9inleche Donn\u00e9e\u00ebn an d\u2019Ausland<\/h4>\n<h5>Keen Transfer ausserhalb vun der Europ\u00e4escher Unioun<\/h5>\n<p>Den Editor verpflichtet sech, d\u2019pers\u00e9inlech Donn\u00e9e\u00ebn vun den Utilisateuren net ausserhalb vun der Europ\u00e4escher Unioun ze transfer\u00e9ieren.<\/p>\n<p>Fir m\u00e9i Informatiounen iwwer den Datenschutz weltw\u00e4it, besicht w.e.g. <a href=\"https:\/\/www.cnil.fr\/fr\/la-protection-des-donnees-dans-le-monde\">https:\/\/www.cnil.fr\/fr\/la-protection-des-donnees-dans-le-monde.<\/a><\/p>\n\n<h4>8. Modifikatioun vun der Vertraulichkeetsrichtlinie<\/h4>\n<h5>Am Fall vun enger Modifikatioun vun d\u00ebser Vertraulichkeetsrichtlinie, engag\u00e9iert de Editor sech, den Niveau vun der Vertraulichkeet net wesentlech ze senken ouni d\u2019Pr\u00e9informatioun vun den betraffene Persounen.<\/h5>\n<p>Mir engag\u00e9ieren eis, Iech z\u2019inform\u00e9ieren am Fall vun enger substantieller Modifikatioun vun d\u00ebser Vertraulichkeetsrichtlinie, an de Niveau vun der Vertraulichkeet vun \u00c4re Donn\u00e9e\u00ebn net wesentlech ze senken ouni Iech ze inform\u00e9ieren an \u00c4re Konsent ze kr\u00e9ien.<\/p>\n\n<h4>9. G\u00ebllend Recht an Recoursmodalit\u00e9iten<\/h4>\n<h5>Arbitrageklausel<\/h5>\n<p>Dir akzept\u00e9iert ausdr\u00e9cklech, datt all Streidf\u00e4llegkeet, d\u00e9i aus d\u00ebser Vertraulichkeetsrichtlinie entspriecht, besonnesch hir Interpretatioun oder Ausf\u00e9ierung, \u00ebnner eng Arbitrageprozedur f\u00e4llt, d\u00e9i dem Reglement vun der Arbitrageplattform \u00ebnnerwierkt, d\u00e9i gemeinsam ausgewielt g\u00ebtt, an d\u00e4r Dir ouni Rescht zust\u00ebmmt.<\/p>\t\t\t\t\t\t\t\t<\/div>\n\t\t\t\t<\/div>\n\t\t\t\t\t<\/div>\n\t\t<\/div>\n\t\t\t\t\t<\/div>\n\t\t<\/section>\n\t\t\t\t<\/div>\n\t\t","protected":false},"excerpt":{"rendered":"<p>Definitiounen Den Editor: D\u2019Persoun, soss physesch oder moralesch, d\u00e9i d\u2019Online-Kommunikatiounsservicer fir d\u2019\u00d6ffentlechkeet erausg\u00ebtt. Den Site: D\u2019Ganze vun den Sites, Internets\u00e4iten an Online-Servicer, d\u00e9i vum Editor ugebuede ginn. Den Utilisateur: D\u2019Persoun, d\u00e9i den Site an d\u2019Servicer benotzt. 1. Aart vun den Donn\u00e9e\u00ebn, d\u00e9i gesammelt ginn Am Kader vun der Benotzung vun de Sites kann den Editor [&hellip;]<\/p>\n","protected":false},"author":1,"featured_media":0,"parent":0,"menu_order":0,"comment_status":"closed","ping_status":"closed","template":"","meta":{"footnotes":""},"class_list":["post-2236","page","type-page","status-publish","hentry"],"_links":{"self":[{"href":"https:\/\/vaneris.net\/lb\/wp-json\/wp\/v2\/pages\/2236","targetHints":{"allow":["GET"]}}],"collection":[{"href":"https:\/\/vaneris.net\/lb\/wp-json\/wp\/v2\/pages"}],"about":[{"href":"https:\/\/vaneris.net\/lb\/wp-json\/wp\/v2\/types\/page"}],"author":[{"embeddable":true,"href":"https:\/\/vaneris.net\/lb\/wp-json\/wp\/v2\/users\/1"}],"replies":[{"embeddable":true,"href":"https:\/\/vaneris.net\/lb\/wp-json\/wp\/v2\/comments?post=2236"}],"version-history":[{"count":1,"href":"https:\/\/vaneris.net\/lb\/wp-json\/wp\/v2\/pages\/2236\/revisions"}],"predecessor-version":[{"id":2237,"href":"https:\/\/vaneris.net\/lb\/wp-json\/wp\/v2\/pages\/2236\/revisions\/2237"}],"wp:attachment":[{"href":"https:\/\/vaneris.net\/lb\/wp-json\/wp\/v2\/media?parent=2236"}],"curies":[{"name":"wp","href":"https:\/\/api.w.org\/{rel}","templated":true}]}}